{"id":406,"date":"2026-03-16T10:49:10","date_gmt":"2026-03-16T10:49:10","guid":{"rendered":"https:\/\/le89.fr\/?page_id=406"},"modified":"2026-04-18T06:10:59","modified_gmt":"2026-04-18T06:10:59","slug":"evenements-3","status":"publish","type":"page","link":"https:\/\/le89.fr\/index.php\/evenements-3\/","title":{"rendered":"\u00c9v\u00e9nements-3"},"content":{"rendered":"\n<p class=\"has-text-align-center\"><strong><mark style=\"background-color:rgba(0, 0, 0, 0);color:#191919\" class=\"has-inline-color\">L&rsquo;association <\/mark><\/strong><\/p>\n\n\n\n<p class=\"has-text-align-center\"><strong><mark style=\"background-color:rgba(0, 0, 0, 0);color:#191919\" class=\"has-inline-color\">Une ville \u00e0 la campagne<\/mark><\/strong><\/p>\n\n\n\n<figure class=\"wp-block-image aligncenter size-full is-resized\"><img decoding=\"async\" src=\"https:\/\/le89.fr\/wp-content\/uploads\/2026\/04\/applications-accessories.png\" alt=\"\" class=\"wp-image-633\" style=\"width:113px;height:auto\"\/><\/figure>\n\n\n\n<p class=\"has-text-align-center\"><br>Pr\u00e9sentation de l&rsquo;association,<br>qu&rsquo;il s&rsquo;agisse d&rsquo;un texte seul <\/p>\n\n\n\n<p class=\"has-text-align-center\">ou accompagn\u00e9 d&rsquo;une photo.<\/p>\n\n\n\n<p class=\"has-text-align-center\"><br><strong><mark style=\"background-color:#f7f1f1\" class=\"has-inline-color has-kb-palette-1-color\">Pour nous contacter<\/mark><\/strong><\/p>\n\n\n\n<p class=\"has-text-align-center\">Place de l\u2019autre BP 00<br>89000<\/p>\n\n\n\n<p class=\"has-text-align-center\">T\u00e9l: 0000000000<\/p>\n\n\n\n<p class=\"has-text-align-center\">Horaire d&rsquo;ouverture<br>de l\u2019asso<\/p>\n\n\n\n<p class=\"has-text-align-center\">Du mardi au vendredi,<\/p>\n\n\n\n<p class=\"has-text-align-center\">8h30-12h00-14h00-17h00<\/p>\n\n\n\n<p class=\"has-text-align-center\">Samedi de 9h00 \u00e0 12h00<\/p>\n\n\n\n<p class=\"has-text-align-center\"><br><strong><mark style=\"background-color:#F7E6FF\" class=\"has-inline-color has-kb-palette-1-color\">Formulaire de contact<\/mark><\/strong><\/p>\n\n\n<div class=\"wp-block-kadence-advanced-form wp-block-kadence-advanced-form418-cpt-id kb-adv-form-label-style-normal kb-adv-form-input-size-standard kb-form-basic-style wp-block-kadence-advanced-form\"><form id=\"kb-adv-form-418-cpt-id\" class=\"kb-advanced-form\" method=\"post\">\n<div class=\"kb-adv-form-field kb-adv-form-text-type-input kb-adv-form-infield-type-input kb-field418d2d853-1a wp-block-kadence-advanced-form-textarea\"><label class=\"kb-adv-form-label\" for=\"field418d2d853-1a\"><strong>Message<\/strong><span class=\"kb-adv-form-required\">*<\/span><\/label><textarea name=\"fieldd2d853-1a\" id=\"field418d2d853-1a\" rows=\"3\"  data-label=\"&lt;strong&gt;Message&lt;\/strong&gt;\" placeholder=\"\" data-type=\"textarea\" class=\"kb-field kb-textarea-field\" data-required=\"yes\" required aria-required=\"true\"><\/textarea><\/div>\n\n<div class=\"kb-row-layout-wrap kb-row-layout-id402_c54be2-aa alignnone wp-block-kadence-rowlayout\"><div class=\"kt-row-column-wrap kt-has-2-columns kt-row-layout-equal kt-tab-layout-inherit kt-mobile-layout-row kt-row-valign-top\">\n\n<div class=\"wp-block-kadence-column kadence-column402_d884e1-3d\"><div class=\"kt-inside-inner-col\"><div class=\"kb-adv-form-field kb-adv-form-text-type-input kb-adv-form-infield-type-input kb-field4182bf5ce-84 wp-block-kadence-advanced-form-text\"><label class=\"kb-adv-form-label\" for=\"field4182bf5ce-84\"><strong>Nom<\/strong><\/label><input name=\"field2bf5ce-84\" id=\"field4182bf5ce-84\" data-label=\"&lt;strong&gt;Nom&lt;\/strong&gt;\" type=\"text\" placeholder=\"\" value=\"\" data-type=\"text\" class=\"kb-field kb-text-field\" data-required=\"no\" \/><\/div><\/div><\/div>\n\n\n\n<div class=\"wp-block-kadence-column kadence-column402_28127b-42\"><div class=\"kt-inside-inner-col\"><div class=\"kb-adv-form-field kb-adv-form-text-type-input kb-adv-form-infield-type-input kb-field4186217f1-49 wp-block-kadence-advanced-form-email\"><label class=\"kb-adv-form-label\" for=\"field4186217f1-49\"><strong>Courriel<\/strong><span class=\"kb-adv-form-required\">*<\/span><\/label><input name=\"field6217f1-49\" id=\"field4186217f1-49\" data-label=\"&lt;strong&gt;Courriel&lt;\/strong&gt;\" type=\"email\" placeholder=\"\" value=\"\" data-type=\"email\" class=\"kb-field kb-email-field\" data-required=\"yes\" required aria-required=\"true\"\/><\/div><\/div><\/div>\n\n<\/div><\/div>\n\n<div class=\"kb-adv-form-field kb-submit-field kb-field07895f-07 wp-block-kadence-advanced-form-submit\"><button class=\"kb-button kt-button button kb-adv-form-submit-button kb-btn07895f-07 kt-btn-size-standard kt-btn-width-type-auto kb-btn-global-fill kt-btn-has-text-true kt-btn-has-svg-false\" type=\"submit\"><span class=\"kt-btn-inner-text\">J&rsquo;envoie mon message<\/span><\/button><\/div>\n<input type=\"hidden\" name=\"_kb_adv_form_post_id\" value=\"418\"><input type=\"hidden\" name=\"action\" value=\"kb_process_advanced_form_submit\"><input type=\"hidden\" name=\"_kb_adv_form_id\" value=\"418-cpt-id\"><\/form><\/div>\n\n\n<p><\/p>\n","protected":false},"excerpt":{"rendered":"<p>L&rsquo;association Une ville \u00e0 la campagne Pr\u00e9sentation de l&rsquo;association,qu&rsquo;il s&rsquo;agisse d&rsquo;un texte seul ou accompagn\u00e9 d&rsquo;une photo. Pour nous contacter Place de l\u2019autre BP 0089000 T\u00e9l: 0000000000 Horaire d&rsquo;ouverturede l\u2019asso Du mardi au vendredi, 8h30-12h00-14h00-17h00 Samedi de 9h00 \u00e0 12h00 Formulaire de contact<\/p>\n","protected":false},"author":1,"featured_media":0,"parent":0,"menu_order":0,"comment_status":"closed","ping_status":"closed","template":"","meta":{"footnotes":""},"class_list":["post-406","page","type-page","status-publish","hentry"],"_links":{"self":[{"href":"https:\/\/le89.fr\/index.php\/wp-json\/wp\/v2\/pages\/406","targetHints":{"allow":["GET"]}}],"collection":[{"href":"https:\/\/le89.fr\/index.php\/wp-json\/wp\/v2\/pages"}],"about":[{"href":"https:\/\/le89.fr\/index.php\/wp-json\/wp\/v2\/types\/page"}],"author":[{"embeddable":true,"href":"https:\/\/le89.fr\/index.php\/wp-json\/wp\/v2\/users\/1"}],"replies":[{"embeddable":true,"href":"https:\/\/le89.fr\/index.php\/wp-json\/wp\/v2\/comments?post=406"}],"version-history":[{"count":8,"href":"https:\/\/le89.fr\/index.php\/wp-json\/wp\/v2\/pages\/406\/revisions"}],"predecessor-version":[{"id":738,"href":"https:\/\/le89.fr\/index.php\/wp-json\/wp\/v2\/pages\/406\/revisions\/738"}],"wp:attachment":[{"href":"https:\/\/le89.fr\/index.php\/wp-json\/wp\/v2\/media?parent=406"}],"curies":[{"name":"wp","href":"https:\/\/api.w.org\/{rel}","templated":true}]}}